{"id":38023,"date":"2022-12-19T15:41:05","date_gmt":"2022-12-19T14:41:05","guid":{"rendered":"https:\/\/www.sorianomotori.com\/?page_id=38023"},"modified":"2023-01-25T14:37:16","modified_gmt":"2023-01-25T13:37:16","slug":"faqs","status":"publish","type":"page","link":"https:\/\/www.sorianomotori.com\/es\/faqs\/","title":{"rendered":"FAQs"},"content":{"rendered":"\t\t<div data-elementor-type=\"wp-page\" data-elementor-id=\"38023\" class=\"elementor elementor-38023 elementor-38014\">\n\t\t\t\t\t\t\t\t\t<section class=\"elementor-section elementor-top-section elementor-element elementor-element-c555d14 elementor-section-boxed elementor-section-height-default elementor-section-height-default\" data-id=\"c555d14\" data-element_type=\"section\" data-settings=\"{&quot;background_background&quot;:&quot;classic&quot;,&quot;jet_parallax_layout_list&quot;:[]}\">\n\t\t\t\t\t\t\t<div class=\"elementor-background-overlay\"><\/div>\n\t\t\t\t\t\t\t<div class=\"elementor-container elementor-column-gap-default\">\n\t\t\t\t\t<div class=\"elementor-column elementor-col-100 elementor-top-column elementor-element elementor-element-746287a8\" data-id=\"746287a8\" data-element_type=\"column\">\n\t\t\t<div class=\"elementor-widget-wrap elementor-element-populated\">\n\t\t\t\t\t\t\t\t<div class=\"elementor-element elementor-element-433d9b4f elementor-invisible elementor-widget elementor-widget-heading\" data-id=\"433d9b4f\" data-element_type=\"widget\" data-settings=\"{&quot;_animation&quot;:&quot;fadeIn&quot;}\" data-widget_type=\"heading.default\">\n\t\t\t\t<div class=\"elementor-widget-container\">\n\t\t\t<style>\/*! elementor - v3.11.3 - 07-03-2023 *\/\n.elementor-heading-title{padding:0;margin:0;line-height:1}.elementor-widget-heading .elementor-heading-title[class*=elementor-size-]>a{color:inherit;font-size:inherit;line-height:inherit}.elementor-widget-heading .elementor-heading-title.elementor-size-small{font-size:15px}.elementor-widget-heading .elementor-heading-title.elementor-size-medium{font-size:19px}.elementor-widget-heading .elementor-heading-title.elementor-size-large{font-size:29px}.elementor-widget-heading .elementor-heading-title.elementor-size-xl{font-size:39px}.elementor-widget-heading .elementor-heading-title.elementor-size-xxl{font-size:59px}<\/style><h2 class=\"elementor-heading-title elementor-size-default\">SORIANO MOTORI<\/h2>\t\t<\/div>\n\t\t\t\t<\/div>\n\t\t\t\t<div class=\"elementor-element elementor-element-3931b8bf elementor-invisible elementor-widget elementor-widget-heading\" data-id=\"3931b8bf\" data-element_type=\"widget\" data-settings=\"{&quot;_animation&quot;:&quot;fadeInUp&quot;}\" data-widget_type=\"heading.default\">\n\t\t\t\t<div class=\"elementor-widget-container\">\n\t\t\t<h1 class=\"elementor-heading-title elementor-size-default\">FAQs<\/h1>\t\t<\/div>\n\t\t\t\t<\/div>\n\t\t\t\t<div class=\"elementor-element elementor-element-107a392f elementor-invisible elementor-widget elementor-widget-text-editor\" data-id=\"107a392f\" data-element_type=\"widget\" data-settings=\"{&quot;_animation&quot;:&quot;fadeIn&quot;}\" data-widget_type=\"text-editor.default\">\n\t\t\t\t<div class=\"elementor-widget-container\">\n\t\t\t<style>\/*! elementor - v3.11.3 - 07-03-2023 *\/\n.elementor-widget-text-editor.elementor-drop-cap-view-stacked .elementor-drop-cap{background-color:#818a91;color:#fff}.elementor-widget-text-editor.elementor-drop-cap-view-framed .elementor-drop-cap{color:#818a91;border:3px solid;background-color:transparent}.elementor-widget-text-editor:not(.elementor-drop-cap-view-default) .elementor-drop-cap{margin-top:8px}.elementor-widget-text-editor:not(.elementor-drop-cap-view-default) .elementor-drop-cap-letter{width:1em;height:1em}.elementor-widget-text-editor .elementor-drop-cap{float:left;text-align:center;line-height:1;font-size:50px}.elementor-widget-text-editor .elementor-drop-cap-letter{display:inline-block}<\/style>\t\t\t\t<p>Preguntas frecuentes<\/p>\t\t\t\t\t\t<\/div>\n\t\t\t\t<\/div>\n\t\t\t\t\t<\/div>\n\t\t<\/div>\n\t\t\t\t\t\t\t<\/div>\n\t\t<\/section>\n\t\t\t\t<section class=\"elementor-section elementor-top-section elementor-element elementor-element-77b74b2c elementor-section-boxed elementor-section-height-default elementor-section-height-default\" data-id=\"77b74b2c\" data-element_type=\"section\" data-settings=\"{&quot;jet_parallax_layout_list&quot;:[],&quot;background_background&quot;:&quot;classic&quot;}\">\n\t\t\t\t\t\t<div class=\"elementor-container elementor-column-gap-default\">\n\t\t\t\t\t<div class=\"elementor-column elementor-col-100 elementor-top-column elementor-element elementor-element-5c445218\" data-id=\"5c445218\" data-element_type=\"column\">\n\t\t\t<div class=\"elementor-widget-wrap elementor-element-populated\">\n\t\t\t\t\t\t\t\t<div class=\"elementor-element elementor-element-43dc97fe elementor-widget elementor-widget-text-editor\" data-id=\"43dc97fe\" data-element_type=\"widget\" data-widget_type=\"text-editor.default\">\n\t\t\t\t<div class=\"elementor-widget-container\">\n\t\t\t\t\t\t\t<p><strong>\u00bfC\u00f3mo empiezo a utilizar el servicio despu\u00e9s de pagar mi afiliaci\u00f3n? \u00bfPuedo pagar mes a mes o tengo que suscribirme por todo el a\u00f1o? \u00bfPor qu\u00e9 me resulta \u00fatil un servicio como \u00e9ste a trav\u00e9s y emergente de covid-19? \u00bfA\u00f1ade SORIANO tasas adicionales al reservar entradas para los miembros? \u00bfC\u00f3mo consigue SORIANO las mejores tarifas, mejoras y ventajas? \u00bfPuede el p\u00fablico acceder a las ventajas de SORIANO en cuanto a mesas y restaurantes? \u00bfEl servicio de viajes de SORIANO s\u00f3lo reserva propiedades de siete estrellas?<\/strong><\/p><p>Tendr\u00e1 derecho a un acceso ilimitado a la plataforma digital de conserjer\u00eda. M\u00f3dulos de Viajes, Comidas, Entretenimiento, Ofertas y Eventos e Inspiraci\u00f3n &#8211; navegaci\u00f3n y reservas online ilimitadas.<\/p><p>Recibir\u00e1 la confirmaci\u00f3n de su perfil de miembro y los datos de acceso a la plataforma digital en la siguiente hora. Si lo que necesita es urgente o complejo, puede optar por llamar, enviar un correo electr\u00f3nico o chatear con nuestro equipo de gestores expertos en estilo de vida. Tiene acceso al equipo las 24 horas del d\u00eda, los 7 d\u00edas de la semana.<\/p><p>Los miembros privados de Soriano &#8211; Tiene una asignaci\u00f3n total de 10 briefs de &#8220;servicio personal&#8221; al a\u00f1o, y puede utilizar hasta cuatro briefs en el primer mes. Puede adquirir informes adicionales si necesita m\u00e1s antes del aniversario de su afiliaci\u00f3n.<\/p><p>Los miembros de Soriano Dedicated and Bespoke &#8211; Su afiliaci\u00f3n incluye un n\u00famero ilimitado de informes de &#8220;servicio personal&#8221;.<\/p><h5>\u00a0<\/h5><h5>Recepci\u00f3n de la entrega<\/h5><p><strong>\u00bfQu\u00e9 informaci\u00f3n necesitan de m\u00ed antes de la entrega?<\/strong><\/p><p>Consulte el d\u00eda de entrega de Soriano Motori para conocer los pasos necesarios antes de recibir la entrega. Tenga en cuenta que el proceso de entrega puede variar en funci\u00f3n del estado de residencia, el m\u00e9todo de financiaci\u00f3n y la disponibilidad.<\/p><p><strong>\u00bfNecesito tener mi p\u00f3liza de seguro activa para mi veh\u00edculo Soriano antes de la entrega?<\/strong><\/p><p>Algunos estados y\/o m\u00e9todos de financiaci\u00f3n requieren que el seguro de su veh\u00edculo Soriano est\u00e9 activo antes de la entrega. Su representante de Soriano le har\u00e1 saber si esto es necesario.<\/p><p><strong>\u00bfC\u00f3mo puedo instalar la carga de mi veh\u00edculo Soriano en casa?<\/strong><\/p><p>Hay varias maneras de cargar su veh\u00edculo Soriano. Recomendamos la instalaci\u00f3n de un conector de pared Soriano con su adaptador seg\u00fan sea necesario. Vea la instalaci\u00f3n de carga en casa para un proceso paso a paso sobre la instalaci\u00f3n de un Conector de Pared para su casa.<\/p><p><strong>\u00bfPuedo exportar mi veh\u00edculo Soriano fuera de los Estados Unidos, Canad\u00e1 o Europa?<\/strong><\/p><p>Si exporta su veh\u00edculo Soriano fuera del mercado para el que fue fabricado, no podremos realizar el mantenimiento de su veh\u00edculo hasta que haya sido devuelto a su mercado de origen. Tambi\u00e9n existe la posibilidad de que un veh\u00edculo Soriano exportado no sea compatible con la infraestructura el\u00e9ctrica y de recarga en pa\u00edses para los que no fue dise\u00f1ado y homologado. Por estas razones, le recomendamos encarecidamente que compre un veh\u00edculo Soriano en el mercado en el que piensa conducirlo. Actualmente, los veh\u00edculos Soriano se venden y se reparan en Estados Unidos, Canad\u00e1, M\u00e9xico, Europa y Asia Pac\u00edfico.<\/p><h4>\u00a0<\/h4><h4>Pago y tarifas<\/h4><p><strong>\u00bfCu\u00e1les son las formas de pago aceptadas?<\/strong><\/p><p>Su saldo debe ser pagado en su totalidad antes de que pueda salir con su nuevo veh\u00edculo Soriano. Confirme su m\u00e9todo de pago con su representante de SorianoGroup antes del d\u00eda de la entrega.<\/p><p>El pago final se acepta actualmente a trav\u00e9s de:<\/p><ul><li>Cheque electr\u00f3nico (domiciliaci\u00f3n bancaria) en el sitio web y la aplicaci\u00f3n m\u00f3vil de Soriano<\/li><li>Transferencia bancaria<\/li><li>Cheque certificado por el banco (su n\u00famero de referencia y nombre deben estar en la l\u00ednea de memo)<\/li><\/ul><p><strong>Nota:<\/strong> Las tarjetas de cr\u00e9dito s\u00f3lo se aceptan para la cuota inicial del pedido.<\/p><p><strong>\u00bfSe puede realizar el pago final desde m\u00e1s de una cuenta?<\/strong><\/p><p>El pago final s\u00f3lo puede hacerse desde una cuenta.<\/p><p><strong>\u00bfD\u00f3nde puedo encontrar m\u00e1s informaci\u00f3n sobre los incentivos fiscales en mi estado?<\/strong><\/p><p>Visite los incentivos para veh\u00edculos el\u00e9ctricos para encontrar los incentivos estatales y locales a los que puede optar.<\/p><p><strong>INCENTIVOS PARA LOS ESTADOS UNIDOS DE AM\u00c9RICA<\/strong><\/p><p>Incentivos para veh\u00edculos el\u00e9ctricos y energ\u00eda solar<\/p><p>Varios estados y empresas locales de servicios p\u00fablicos ofrecen incentivos para veh\u00edculos el\u00e9ctricos y energ\u00eda solar a los clientes, a menudo en forma de reembolso. Los reembolsos pueden solicitarse en el momento de la compra o despu\u00e9s de ella, mientras que los cr\u00e9ditos fiscales se solicitan al presentar la declaraci\u00f3n de la renta. Encuentre los incentivos estatales y locales disponibles en su zona.<\/p><p>Para obtener la informaci\u00f3n m\u00e1s actualizada, consulte el sitio web de la entidad patrocinadora para obtener detalles sobre la elegibilidad, el canje y los detalles del programa.<\/p><p><strong>Elegibilidad y reembolso<\/strong><\/p><p>Los incentivos solares enumerados aqu\u00ed se proporcionan para su comodidad y no deben considerarse una lista absoluta y completa y no es una garant\u00eda de su elegibilidad personal o de la disponibilidad del incentivo. Estos programas est\u00e1n sujetos a cambios o finalizaci\u00f3n en cualquier momento, y est\u00e1n fuera del control de Soriano. Por ejemplo, algunos programas tienen un presupuesto asignado o un plazo de presentaci\u00f3n despu\u00e9s del cual el programa finalizar\u00e1. Aseg\u00farese de visitar el sitio web del programa espec\u00edfico para obtener la informaci\u00f3n m\u00e1s actualizada sobre la disponibilidad, la elegibilidad y los requisitos de canje.<\/p><p>Su elegibilidad para cualquier cr\u00e9dito fiscal solar depende de su situaci\u00f3n fiscal personal. Le recomendamos que hable con un profesional de la fiscalidad para que le oriente.<\/p><p><strong>Incentivos fiscales federales<\/strong><\/p><p><span style=\"text-decoration: underline;\"><strong>Solar<\/strong><\/span><\/p><p>Los siguientes cr\u00e9ditos fiscales federales est\u00e1n disponibles para cualquier persona que compre un sistema el\u00e9ctrico solar, incluyendo paneles solares y techo solar. El almacenamiento de energ\u00eda emparejado con los sistemas solares se consideran gastos calificados elegibles para el cr\u00e9dito fiscal.<\/p><p><span style=\"text-decoration: underline;\"><strong>Cr\u00e9dito fiscal federal por inversi\u00f3n residencial (ITC)<\/strong><\/span><\/p><div style=\"overflow-x: auto;\"><table width=\"100%\"><thead><tr><th role=\"columnheader\" scope=\"col\">Solar + Powerwall Residencial Cr\u00e9dito fiscal federal por inversi\u00f3n<\/th><th role=\"columnheader\" scope=\"col\">Powerwall aut\u00f3nomo residencial<br \/>Cr\u00e9dito fiscal federal por inversi\u00f3n<\/th><th role=\"columnheader\" scope=\"col\">Para Sistemas<br \/>Instalado en<\/th><\/tr><\/thead><tbody><tr><td>26%<\/td><td>0%<\/td><td>2021<\/td><\/tr><tr><td>30%<\/td><td>0%<\/td><td>2022<\/td><\/tr><tr><td>30%<\/td><td>30%<\/td><td>2023-2032<\/td><\/tr><tr><td>26%<\/td><td>26%<\/td><td>2033<\/td><\/tr><tr><td>22%<\/td><td>22%<\/td><td>2034<\/td><\/tr><tr><td>0%<\/td><td>0%<\/td><td>2035<\/td><\/tr><\/tbody><\/table><\/div><p><span style=\"text-decoration: underline;\"><strong>Incentivos estatales, locales y de servicios p\u00fablicos<\/strong><\/span><\/p><p>Dependiendo de su ubicaci\u00f3n, puede haber incentivos estatales y locales para veh\u00edculos el\u00e9ctricos y sistemas solares. La mayor\u00eda de los reembolsos se pueden solicitar despu\u00e9s de la compra o se reflejan como una reducci\u00f3n en el precio de su compra.<\/p><p>Muchos estados tambi\u00e9n ofrecen incentivos no monetarios para los veh\u00edculos el\u00e9ctricos, como el acceso al carril para compartir moto y el aparcamiento municipal gratuito.<\/p><p>Algunas comunidades y empresas de servicios p\u00fablicos tambi\u00e9n ofrecen incentivos adicionales mediante devoluciones en efectivo, planes de tarifas con descuento y otros cr\u00e9ditos.<\/p><h4>\u00a0<\/h4><h4>Matriculaci\u00f3n<\/h4><p><strong style=\"color: var( --e-global-color-text ); font-family: var( --e-global-typography-text-font-family ), Sans-serif;\">\u00a0<\/strong><\/p><p><strong style=\"color: var( --e-global-color-text ); font-family: var( --e-global-typography-text-font-family ), Sans-serif;\">\u00bfCu\u00e1ndo y c\u00f3mo recibir\u00e9 mi(s) matr\u00edcula(s)?<\/strong><\/p><p>El proceso de titulaci\u00f3n y matriculaci\u00f3n var\u00eda seg\u00fan el estado. Consulte los requisitos de su estado en la p\u00e1gina de matriculaci\u00f3n. En la mayor\u00eda de los estados, las matr\u00edculas temporales se proporcionan a la entrega para permitir el procesamiento final.<\/p><p><strong>\u00bfPuedo matricular mi moto a dos nombres, pero pedir un pr\u00e9stamo a un solo nombre?<\/strong><\/p><p>No. Su registro debe coincidir con los nombres del pr\u00e9stamo para su moto. Este requisito se aplica tanto a la financiaci\u00f3n del distribuidor de Soriano, como al leasing y a la financiaci\u00f3n de terceros. Usted puede editar directamente la informaci\u00f3n de su registro en el sitio web de Soriano o en la aplicaci\u00f3n m\u00f3vil.<\/p><p><strong>\u00bfPuedo registrar mi moto para un negocio?<\/strong><\/p><p>S\u00ed, puede registrar su moto para su negocio. Se aplican condiciones especiales cuando se trata de la financiaci\u00f3n bajo un negocio, as\u00ed que por favor consulte con su representante de Soriano.<\/p><p><strong>\u00bfPuedo matricular mi moto a nombre de un fideicomiso?<\/strong><\/p><p>S\u00ed. Puede registrar su moto a un fideicomiso si est\u00e1 pagando en efectivo o financiando con una instituci\u00f3n de terceros. El registro en un fideicomiso no es posible con la Financiaci\u00f3n del Distribuidor de Soriano, y ciertos bancos y cooperativas de cr\u00e9dito de terceros pueden tener sus propias restricciones. Se le pedir\u00e1 una lista de todos los fideicomisarios en el sitio web o la aplicaci\u00f3n m\u00f3vil de Soriano.<\/p>\t\t\t\t\t\t<\/div>\n\t\t\t\t<\/div>\n\t\t\t\t\t<\/div>\n\t\t<\/div>\n\t\t\t\t\t\t\t<\/div>\n\t\t<\/section>\n\t\t\t\t\t\t\t<\/div>\n\t\t","protected":false},"excerpt":{"rendered":"<p>SORIANO MOTORI FAQs Preguntas frecuentes \u00bfC\u00f3mo empiezo a utilizar el servicio despu\u00e9s de pagar mi afiliaci\u00f3n? \u00bfPuedo pagar mes a mes o tengo que suscribirme por todo el a\u00f1o? \u00bfPor qu\u00e9 me resulta \u00fatil un servicio como \u00e9ste a trav\u00e9s y emergente de covid-19? \u00bfA\u00f1ade SORIANO tasas adicionales al reservar entradas para los miembros? \u00bfC\u00f3mo [&hellip;]<\/p>\n","protected":false},"author":1,"featured_media":0,"parent":0,"menu_order":0,"comment_status":"closed","ping_status":"closed","template":"elementor_header_footer","meta":[],"acf":[],"_links":{"self":[{"href":"https:\/\/www.sorianomotori.com\/es\/wp-json\/wp\/v2\/pages\/38023"}],"collection":[{"href":"https:\/\/www.sorianomotori.com\/es\/wp-json\/wp\/v2\/pages"}],"about":[{"href":"https:\/\/www.sorianomotori.com\/es\/wp-json\/wp\/v2\/types\/page"}],"author":[{"embeddable":true,"href":"https:\/\/www.sorianomotori.com\/es\/wp-json\/wp\/v2\/users\/1"}],"replies":[{"embeddable":true,"href":"https:\/\/www.sorianomotori.com\/es\/wp-json\/wp\/v2\/comments?post=38023"}],"version-history":[{"count":6,"href":"https:\/\/www.sorianomotori.com\/es\/wp-json\/wp\/v2\/pages\/38023\/revisions"}],"predecessor-version":[{"id":70781,"href":"https:\/\/www.sorianomotori.com\/es\/wp-json\/wp\/v2\/pages\/38023\/revisions\/70781"}],"wp:attachment":[{"href":"https:\/\/www.sorianomotori.com\/es\/wp-json\/wp\/v2\/media?parent=38023"}],"curies":[{"name":"wp","href":"https:\/\/api.w.org\/{rel}","templated":true}]}}