{"id":83921,"date":"2024-11-11T19:08:47","date_gmt":"2024-11-11T18:08:47","guid":{"rendered":"https:\/\/www.sorianomotori.com\/what-we-do-at-soriano-motori-corp\/"},"modified":"2024-11-11T20:05:23","modified_gmt":"2024-11-11T19:05:23","slug":"que-hacemos-en-soriano-motori","status":"publish","type":"page","link":"https:\/\/www.sorianomotori.com\/es\/que-hacemos-en-soriano-motori\/","title":{"rendered":"Qu\u00e9 Hacemos en Soriano"},"content":{"rendered":"\t\t<div data-elementor-type=\"wp-page\" data-elementor-id=\"83921\" class=\"elementor elementor-83921 elementor-83891\">\n\t\t\t\t\t\t\t\t\t<section class=\"elementor-section elementor-top-section elementor-element elementor-element-ede6ad8 elementor-section-height-min-height elementor-section-boxed elementor-section-height-default elementor-section-items-middle\" data-id=\"ede6ad8\" data-element_type=\"section\" data-settings=\"{&quot;background_background&quot;:&quot;classic&quot;,&quot;jet_parallax_layout_list&quot;:[]}\">\n\t\t\t\t\t\t\t<div class=\"elementor-background-overlay\"><\/div>\n\t\t\t\t\t\t\t<div class=\"elementor-container elementor-column-gap-default\">\n\t\t\t\t\t<div class=\"elementor-column elementor-col-100 elementor-top-column elementor-element elementor-element-1ae34d3\" data-id=\"1ae34d3\" data-element_type=\"column\">\n\t\t\t<div class=\"elementor-widget-wrap elementor-element-populated\">\n\t\t\t\t\t\t\t\t<div class=\"elementor-element elementor-element-ce69e06 elementor-invisible elementor-widget elementor-widget-heading\" data-id=\"ce69e06\" data-element_type=\"widget\" data-settings=\"{&quot;_animation&quot;:&quot;fadeIn&quot;}\" data-widget_type=\"heading.default\">\n\t\t\t\t<div class=\"elementor-widget-container\">\n\t\t\t<style>\/*! elementor - v3.11.3 - 07-03-2023 *\/\n.elementor-heading-title{padding:0;margin:0;line-height:1}.elementor-widget-heading .elementor-heading-title[class*=elementor-size-]>a{color:inherit;font-size:inherit;line-height:inherit}.elementor-widget-heading .elementor-heading-title.elementor-size-small{font-size:15px}.elementor-widget-heading .elementor-heading-title.elementor-size-medium{font-size:19px}.elementor-widget-heading .elementor-heading-title.elementor-size-large{font-size:29px}.elementor-widget-heading .elementor-heading-title.elementor-size-xl{font-size:39px}.elementor-widget-heading .elementor-heading-title.elementor-size-xxl{font-size:59px}<\/style><h2 class=\"elementor-heading-title elementor-size-default\">ACERCA DE SORIANO<\/h2>\t\t<\/div>\n\t\t\t\t<\/div>\n\t\t\t\t<div class=\"elementor-element elementor-element-aff214e elementor-invisible elementor-widget elementor-widget-heading\" data-id=\"aff214e\" data-element_type=\"widget\" data-settings=\"{&quot;_animation&quot;:&quot;fadeInUp&quot;}\" data-widget_type=\"heading.default\">\n\t\t\t\t<div class=\"elementor-widget-container\">\n\t\t\t<h1 class=\"elementor-heading-title elementor-size-default\">QU\u00c9 HACEMOS EN SORIANO<\/h1>\t\t<\/div>\n\t\t\t\t<\/div>\n\t\t\t\t<div class=\"elementor-element elementor-element-e267d4b elementor-invisible elementor-widget elementor-widget-text-editor\" data-id=\"e267d4b\" data-element_type=\"widget\" data-settings=\"{&quot;_animation&quot;:&quot;fadeIn&quot;}\" data-widget_type=\"text-editor.default\">\n\t\t\t\t<div class=\"elementor-widget-container\">\n\t\t\t<style>\/*! elementor - v3.11.3 - 07-03-2023 *\/\n.elementor-widget-text-editor.elementor-drop-cap-view-stacked .elementor-drop-cap{background-color:#818a91;color:#fff}.elementor-widget-text-editor.elementor-drop-cap-view-framed .elementor-drop-cap{color:#818a91;border:3px solid;background-color:transparent}.elementor-widget-text-editor:not(.elementor-drop-cap-view-default) .elementor-drop-cap{margin-top:8px}.elementor-widget-text-editor:not(.elementor-drop-cap-view-default) .elementor-drop-cap-letter{width:1em;height:1em}.elementor-widget-text-editor .elementor-drop-cap{float:left;text-align:center;line-height:1;font-size:50px}.elementor-widget-text-editor .elementor-drop-cap-letter{display:inline-block}<\/style>\t\t\t\tEn Soriano Motori, nos especializamos en el dise\u00f1o y fabricaci\u00f3n de motocicletas de alta calidad que combinan tecnolog\u00eda innovadora con la artesan\u00eda italiana cl\u00e1sica. Nuestra misi\u00f3n es ofrecer un rendimiento excepcional y experiencias de conducci\u00f3n incomparables, enfoc\u00e1ndonos en la sostenibilidad y el dise\u00f1o moderno.\t\t\t\t\t\t<\/div>\n\t\t\t\t<\/div>\n\t\t\t\t\t<\/div>\n\t\t<\/div>\n\t\t\t\t\t\t\t<\/div>\n\t\t<\/section>\n\t\t\t\t<section class=\"elementor-section elementor-top-section elementor-element elementor-element-9a3aabb elementor-section-boxed elementor-section-height-default elementor-section-height-default\" data-id=\"9a3aabb\" data-element_type=\"section\" data-settings=\"{&quot;background_background&quot;:&quot;classic&quot;,&quot;jet_parallax_layout_list&quot;:[]}\">\n\t\t\t\t\t\t\t<div class=\"elementor-background-overlay\"><\/div>\n\t\t\t\t\t\t\t<div class=\"elementor-container elementor-column-gap-default\">\n\t\t\t\t\t<div class=\"elementor-column elementor-col-100 elementor-top-column elementor-element elementor-element-3b11696\" data-id=\"3b11696\" data-element_type=\"column\">\n\t\t\t<div class=\"elementor-widget-wrap elementor-element-populated\">\n\t\t\t\t\t\t\t\t<div class=\"elementor-element elementor-element-1fa3480 elementor-widget elementor-widget-heading\" data-id=\"1fa3480\" data-element_type=\"widget\" data-widget_type=\"heading.default\">\n\t\t\t\t<div class=\"elementor-widget-container\">\n\t\t\t<h2 class=\"elementor-heading-title elementor-size-default\">Los aspectos clave de lo que hacemos incluyen:<\/h2>\t\t<\/div>\n\t\t\t\t<\/div>\n\t\t\t\t<section class=\"elementor-section elementor-inner-section elementor-element elementor-element-f7267e3 elementor-section-boxed elementor-section-height-default elementor-section-height-default\" data-id=\"f7267e3\" data-element_type=\"section\" data-settings=\"{&quot;jet_parallax_layout_list&quot;:[]}\">\n\t\t\t\t\t\t<div class=\"elementor-container elementor-column-gap-wider\">\n\t\t\t\t\t<div class=\"elementor-column elementor-col-33 elementor-inner-column elementor-element elementor-element-e7c1a09\" data-id=\"e7c1a09\" data-element_type=\"column\">\n\t\t\t<div class=\"elementor-widget-wrap\">\n\t\t\t\t\t\t\t\t\t<\/div>\n\t\t<\/div>\n\t\t\t\t<div class=\"elementor-column elementor-col-33 elementor-inner-column elementor-element elementor-element-a8bde87\" data-id=\"a8bde87\" data-element_type=\"column\">\n\t\t\t<div class=\"elementor-widget-wrap elementor-element-populated\">\n\t\t\t\t\t\t\t\t<div class=\"elementor-element elementor-element-d064533 elementor-align-center elementor-icon-list--layout-traditional elementor-list-item-link-full_width elementor-widget elementor-widget-icon-list\" data-id=\"d064533\" data-element_type=\"widget\" data-widget_type=\"icon-list.default\">\n\t\t\t\t<div class=\"elementor-widget-container\">\n\t\t\t<link rel=\"stylesheet\" href=\"https:\/\/www.sorianomotori.com\/wp-content\/plugins\/elementor\/assets\/css\/widget-icon-list.min.css\">\t\t<ul class=\"elementor-icon-list-items\">\n\t\t\t\t\t\t\t<li class=\"elementor-icon-list-item\">\n\t\t\t\t\t\t\t\t\t\t<span class=\"elementor-icon-list-text\">1.\t<b>Desarrollo de Motocicletas:<\/b> Desarrollamos una gama de motocicletas, desde scooters urbanos hasta modelos de alto rendimiento, dise\u00f1adas espec\u00edficamente para satisfacer las necesidades de diferentes motociclistas.<\/span>\n\t\t\t\t\t\t\t\t\t<\/li>\n\t\t\t\t\t\t\t\t<li class=\"elementor-icon-list-item\">\n\t\t\t\t\t\t\t\t\t\t<span class=\"elementor-icon-list-text\">2.\t<b>Ingenier\u00eda Innovadora:<\/b> Nuestro equipo utiliza tecnolog\u00eda de vanguardia y pr\u00e1cticas de ingenier\u00eda para crear motos que no solo son potentes y eficientes, sino tambi\u00e9n respetuosas con el medio ambiente.<\/span>\n\t\t\t\t\t\t\t\t\t<\/li>\n\t\t\t\t\t\t\t\t<li class=\"elementor-icon-list-item\">\n\t\t\t\t\t\t\t\t\t\t<span class=\"elementor-icon-list-text\">3.\t<b>Dise\u00f1o Personalizado:<\/b> Ofrecemos opciones personalizables para nuestras motocicletas, permitiendo a los clientes personalizar sus motos con colores, accesorios y caracter\u00edsticas \u00fanicas.<\/span>\n\t\t\t\t\t\t\t\t\t<\/li>\n\t\t\t\t\t\t\t\t<li class=\"elementor-icon-list-item\">\n\t\t\t\t\t\t\t\t\t\t<span class=\"elementor-icon-list-text\">4.\t<b>Aseguramiento de la Calidad:<\/b> Cada motocicleta pasa por rigurosas pruebas y procesos de control de calidad para garantizar que la seguridad, la fiabilidad y el rendimiento cumplan con los altos est\u00e1ndares que establecemos.<\/span>\n\t\t\t\t\t\t\t\t\t<\/li>\n\t\t\t\t\t\t\t\t<li class=\"elementor-icon-list-item\">\n\t\t\t\t\t\t\t\t\t\t<span class=\"elementor-icon-list-text\">5.\t<b>Distribuci\u00f3n Global:<\/b> Nos esforzamos por hacer que nuestras motocicletas sean accesibles a nivel mundial, centrados en expandir nuestra red de distribuidores y centros de servicio.<\/span>\n\t\t\t\t\t\t\t\t\t<\/li>\n\t\t\t\t\t\t\t\t<li class=\"elementor-icon-list-item\">\n\t\t\t\t\t\t\t\t\t\t<span class=\"elementor-icon-list-text\">6.\t<b>Iniciativas de Sostenibilidad:<\/b> Estamos comprometidos a reducir nuestro impacto ambiental a trav\u00e9s de procesos de fabricaci\u00f3n sostenibles y promoviendo el uso de tecnolog\u00edas m\u00e1s ecol\u00f3gicas en nuestros productos.<\/span>\n\t\t\t\t\t\t\t\t\t<\/li>\n\t\t\t\t\t\t\t\t<li class=\"elementor-icon-list-item\">\n\t\t\t\t\t\t\t\t\t\t<span class=\"elementor-icon-list-text\">7.\t<b>Compromiso con la Comunidad:<\/b> Participamos activamente en eventos de motocicletas e interactuamos con la comunidad motociclista, fomentando la pasi\u00f3n por la conducci\u00f3n y un sentido de camarader\u00eda entre los entusiastas.<\/span>\n\t\t\t\t\t\t\t\t\t<\/li>\n\t\t\t\t\t\t<\/ul>\n\t\t\t\t<\/div>\n\t\t\t\t<\/div>\n\t\t\t\t\t<\/div>\n\t\t<\/div>\n\t\t\t\t<div class=\"elementor-column elementor-col-33 elementor-inner-column elementor-element elementor-element-0bb5c5e\" data-id=\"0bb5c5e\" data-element_type=\"column\">\n\t\t\t<div class=\"elementor-widget-wrap\">\n\t\t\t\t\t\t\t\t\t<\/div>\n\t\t<\/div>\n\t\t\t\t\t\t\t<\/div>\n\t\t<\/section>\n\t\t\t\t<div class=\"elementor-element elementor-element-5416ebb elementor-widget elementor-widget-spacer\" data-id=\"5416ebb\" data-element_type=\"widget\" data-widget_type=\"spacer.default\">\n\t\t\t\t<div class=\"elementor-widget-container\">\n\t\t\t<style>\/*! elementor - v3.11.3 - 07-03-2023 *\/\n.elementor-column .elementor-spacer-inner{height:var(--spacer-size)}.e-con{--container-widget-width:100%}.e-con-inner>.elementor-widget-spacer,.e-con>.elementor-widget-spacer{width:var(--container-widget-width,var(--spacer-size));--align-self:var(--container-widget-align-self,initial);--flex-shrink:0}.e-con-inner>.elementor-widget-spacer>.elementor-widget-container,.e-con-inner>.elementor-widget-spacer>.elementor-widget-container>.elementor-spacer,.e-con>.elementor-widget-spacer>.elementor-widget-container,.e-con>.elementor-widget-spacer>.elementor-widget-container>.elementor-spacer{height:100%}.e-con-inner>.elementor-widget-spacer>.elementor-widget-container>.elementor-spacer>.elementor-spacer-inner,.e-con>.elementor-widget-spacer>.elementor-widget-container>.elementor-spacer>.elementor-spacer-inner{height:var(--container-widget-height,var(--spacer-size))}<\/style>\t\t<div class=\"elementor-spacer\">\n\t\t\t<div class=\"elementor-spacer-inner\"><\/div>\n\t\t<\/div>\n\t\t\t\t<\/div>\n\t\t\t\t<\/div>\n\t\t\t\t<div class=\"elementor-element elementor-element-7f65e9d elementor-widget elementor-widget-heading\" data-id=\"7f65e9d\" data-element_type=\"widget\" data-widget_type=\"heading.default\">\n\t\t\t\t<div class=\"elementor-widget-container\">\n\t\t\t<h2 class=\"elementor-heading-title elementor-size-default\">Al combinar tradici\u00f3n, innovaci\u00f3n y rendimiento, Soriano Motori tiene como objetivo crear una experiencia motociclista excepcional para los pilotos de todo el mundo.<\/h2>\t\t<\/div>\n\t\t\t\t<\/div>\n\t\t\t\t<div class=\"elementor-element elementor-element-91b7a71 elementor-widget elementor-widget-spacer\" data-id=\"91b7a71\" data-element_type=\"widget\" data-widget_type=\"spacer.default\">\n\t\t\t\t<div class=\"elementor-widget-container\">\n\t\t\t\t\t<div class=\"elementor-spacer\">\n\t\t\t<div class=\"elementor-spacer-inner\"><\/div>\n\t\t<\/div>\n\t\t\t\t<\/div>\n\t\t\t\t<\/div>\n\t\t\t\t\t<\/div>\n\t\t<\/div>\n\t\t\t\t\t\t\t<\/div>\n\t\t<\/section>\n\t\t\t\t\t\t\t<\/div>\n\t\t","protected":false},"excerpt":{"rendered":"<p>ACERCA DE SORIANO QU\u00c9 HACEMOS EN SORIANO En Soriano Motori, nos especializamos en el dise\u00f1o y fabricaci\u00f3n de motocicletas de alta calidad que combinan tecnolog\u00eda innovadora con la artesan\u00eda italiana cl\u00e1sica. Nuestra misi\u00f3n es ofrecer un rendimiento excepcional y experiencias de conducci\u00f3n incomparables, enfoc\u00e1ndonos en la sostenibilidad y el dise\u00f1o moderno. Los aspectos clave de [&hellip;]<\/p>\n","protected":false},"author":1,"featured_media":0,"parent":0,"menu_order":0,"comment_status":"closed","ping_status":"closed","template":"elementor_header_footer","meta":[],"acf":[],"_links":{"self":[{"href":"https:\/\/www.sorianomotori.com\/es\/wp-json\/wp\/v2\/pages\/83921"}],"collection":[{"href":"https:\/\/www.sorianomotori.com\/es\/wp-json\/wp\/v2\/pages"}],"about":[{"href":"https:\/\/www.sorianomotori.com\/es\/wp-json\/wp\/v2\/types\/page"}],"author":[{"embeddable":true,"href":"https:\/\/www.sorianomotori.com\/es\/wp-json\/wp\/v2\/users\/1"}],"replies":[{"embeddable":true,"href":"https:\/\/www.sorianomotori.com\/es\/wp-json\/wp\/v2\/comments?post=83921"}],"version-history":[{"count":5,"href":"https:\/\/www.sorianomotori.com\/es\/wp-json\/wp\/v2\/pages\/83921\/revisions"}],"predecessor-version":[{"id":83927,"href":"https:\/\/www.sorianomotori.com\/es\/wp-json\/wp\/v2\/pages\/83921\/revisions\/83927"}],"wp:attachment":[{"href":"https:\/\/www.sorianomotori.com\/es\/wp-json\/wp\/v2\/media?parent=83921"}],"curies":[{"name":"wp","href":"https:\/\/api.w.org\/{rel}","templated":true}]}}