{"id":84032,"date":"2025-03-17T17:25:39","date_gmt":"2025-03-17T16:25:39","guid":{"rendered":"https:\/\/www.sorianomotori.com\/?page_id=84032"},"modified":"2025-03-17T18:27:40","modified_gmt":"2025-03-17T17:27:40","slug":"diversidad-e-inclusion","status":"publish","type":"page","link":"https:\/\/www.sorianomotori.com\/es\/diversidad-e-inclusion\/","title":{"rendered":"Diversidad e Inclusi\u00f3n"},"content":{"rendered":"\t\t<div data-elementor-type=\"wp-page\" data-elementor-id=\"84032\" class=\"elementor elementor-84032 elementor-83997\">\n\t\t\t\t\t\t\t\t\t<section class=\"elementor-section elementor-top-section elementor-element elementor-element-ede6ad8 elementor-section-height-min-height elementor-section-boxed elementor-section-height-default elementor-section-items-middle\" data-id=\"ede6ad8\" data-element_type=\"section\" data-settings=\"{&quot;background_background&quot;:&quot;classic&quot;,&quot;jet_parallax_layout_list&quot;:[]}\">\n\t\t\t\t\t\t\t<div class=\"elementor-background-overlay\"><\/div>\n\t\t\t\t\t\t\t<div class=\"elementor-container elementor-column-gap-default\">\n\t\t\t\t\t<div class=\"elementor-column elementor-col-100 elementor-top-column elementor-element elementor-element-1ae34d3\" data-id=\"1ae34d3\" data-element_type=\"column\">\n\t\t\t<div class=\"elementor-widget-wrap elementor-element-populated\">\n\t\t\t\t\t\t\t\t<div class=\"elementor-element elementor-element-ce69e06 elementor-invisible elementor-widget elementor-widget-heading\" data-id=\"ce69e06\" data-element_type=\"widget\" data-settings=\"{&quot;_animation&quot;:&quot;fadeIn&quot;}\" data-widget_type=\"heading.default\">\n\t\t\t\t<div class=\"elementor-widget-container\">\n\t\t\t<style>\/*! elementor - v3.11.3 - 07-03-2023 *\/\n.elementor-heading-title{padding:0;margin:0;line-height:1}.elementor-widget-heading .elementor-heading-title[class*=elementor-size-]>a{color:inherit;font-size:inherit;line-height:inherit}.elementor-widget-heading .elementor-heading-title.elementor-size-small{font-size:15px}.elementor-widget-heading .elementor-heading-title.elementor-size-medium{font-size:19px}.elementor-widget-heading .elementor-heading-title.elementor-size-large{font-size:29px}.elementor-widget-heading .elementor-heading-title.elementor-size-xl{font-size:39px}.elementor-widget-heading .elementor-heading-title.elementor-size-xxl{font-size:59px}<\/style><h2 class=\"elementor-heading-title elementor-size-default\">ABOUT SORIANO<\/h2>\t\t<\/div>\n\t\t\t\t<\/div>\n\t\t\t\t<div class=\"elementor-element elementor-element-aff214e elementor-invisible elementor-widget elementor-widget-heading\" data-id=\"aff214e\" data-element_type=\"widget\" data-settings=\"{&quot;_animation&quot;:&quot;fadeInUp&quot;}\" data-widget_type=\"heading.default\">\n\t\t\t\t<div class=\"elementor-widget-container\">\n\t\t\t<h1 class=\"elementor-heading-title elementor-size-default\">Diversidad e Inclusi\u00f3n<\/h1>\t\t<\/div>\n\t\t\t\t<\/div>\n\t\t\t\t<div class=\"elementor-element elementor-element-e267d4b elementor-invisible elementor-widget elementor-widget-text-editor\" data-id=\"e267d4b\" data-element_type=\"widget\" data-settings=\"{&quot;_animation&quot;:&quot;fadeIn&quot;}\" data-widget_type=\"text-editor.default\">\n\t\t\t\t<div class=\"elementor-widget-container\">\n\t\t\t<style>\/*! elementor - v3.11.3 - 07-03-2023 *\/\n.elementor-widget-text-editor.elementor-drop-cap-view-stacked .elementor-drop-cap{background-color:#818a91;color:#fff}.elementor-widget-text-editor.elementor-drop-cap-view-framed .elementor-drop-cap{color:#818a91;border:3px solid;background-color:transparent}.elementor-widget-text-editor:not(.elementor-drop-cap-view-default) .elementor-drop-cap{margin-top:8px}.elementor-widget-text-editor:not(.elementor-drop-cap-view-default) .elementor-drop-cap-letter{width:1em;height:1em}.elementor-widget-text-editor .elementor-drop-cap{float:left;text-align:center;line-height:1;font-size:50px}.elementor-widget-text-editor .elementor-drop-cap-letter{display:inline-block}<\/style>\t\t\t\t<p>En Soriano Motori, nuestra gente es nuestro mayor activo \u2013 un sentimiento que expresamos a menudo y con buenas razones. Es a trav\u00e9s de la determinaci\u00f3n y dedicaci\u00f3n de nuestro equipo que podemos atender a nuestros clientes, generar valor a largo plazo para nuestros accionistas y contribuir positivamente al bienestar de la sociedad.<\/p><p>En el centro de nuestros esfuerzos est\u00e1 el enfoque en cultivar y mantener un entorno laboral y una fuerza de trabajo diversos, cr\u00edticos para satisfacer las necesidades \u00fanicas de nuestra variada clientela y de las comunidades en las que operamos.<\/p><p>Estamos comprometidos a avanzar hacia la equidad racial, promover la igualdad de g\u00e9nero y aumentar la representaci\u00f3n en todos los niveles de nuestra empresa.<\/p>\t\t\t\t\t\t<\/div>\n\t\t\t\t<\/div>\n\t\t\t\t\t<\/div>\n\t\t<\/div>\n\t\t\t\t\t\t\t<\/div>\n\t\t<\/section>\n\t\t\t\t<section class=\"elementor-section elementor-top-section elementor-element elementor-element-9a3aabb elementor-section-boxed elementor-section-height-default elementor-section-height-default\" data-id=\"9a3aabb\" data-element_type=\"section\" data-settings=\"{&quot;background_background&quot;:&quot;classic&quot;,&quot;jet_parallax_layout_list&quot;:[]}\">\n\t\t\t\t\t\t\t<div class=\"elementor-background-overlay\"><\/div>\n\t\t\t\t\t\t\t<div class=\"elementor-container elementor-column-gap-default\">\n\t\t\t\t\t<div class=\"elementor-column elementor-col-100 elementor-top-column elementor-element elementor-element-3b11696\" data-id=\"3b11696\" data-element_type=\"column\">\n\t\t\t<div class=\"elementor-widget-wrap elementor-element-populated\">\n\t\t\t\t\t\t\t\t<div class=\"elementor-element elementor-element-2017dd7 elementor-widget elementor-widget-heading\" data-id=\"2017dd7\" data-element_type=\"widget\" data-widget_type=\"heading.default\">\n\t\t\t\t<div class=\"elementor-widget-container\">\n\t\t\t<h3 class=\"elementor-heading-title elementor-size-large\">Nuestro compromiso de crear y mantener un entorno laboral diverso es absoluto. Compartimos nuestras razones para este compromiso y nuestras aspiraciones:<\/h3>\t\t<\/div>\n\t\t\t\t<\/div>\n\t\t\t\t<section class=\"elementor-section elementor-inner-section elementor-element elementor-element-f7267e3 elementor-section-boxed elementor-section-height-default elementor-section-height-default\" data-id=\"f7267e3\" data-element_type=\"section\" data-settings=\"{&quot;jet_parallax_layout_list&quot;:[]}\">\n\t\t\t\t\t\t<div class=\"elementor-container elementor-column-gap-wider\">\n\t\t\t\t\t<div class=\"elementor-column elementor-col-33 elementor-inner-column elementor-element elementor-element-e7c1a09\" data-id=\"e7c1a09\" data-element_type=\"column\">\n\t\t\t<div class=\"elementor-widget-wrap\">\n\t\t\t\t\t\t\t\t\t<\/div>\n\t\t<\/div>\n\t\t\t\t<div class=\"elementor-column elementor-col-33 elementor-inner-column elementor-element elementor-element-a8bde87\" data-id=\"a8bde87\" data-element_type=\"column\">\n\t\t\t<div class=\"elementor-widget-wrap elementor-element-populated\">\n\t\t\t\t\t\t\t\t<div class=\"elementor-element elementor-element-d064533 elementor-align-left elementor-icon-list--layout-traditional elementor-list-item-link-full_width elementor-widget elementor-widget-icon-list\" data-id=\"d064533\" data-element_type=\"widget\" data-widget_type=\"icon-list.default\">\n\t\t\t\t<div class=\"elementor-widget-container\">\n\t\t\t<link rel=\"stylesheet\" href=\"https:\/\/www.sorianomotori.com\/wp-content\/plugins\/elementor\/assets\/css\/widget-icon-list.min.css\">\t\t<ul class=\"elementor-icon-list-items\">\n\t\t\t\t\t\t\t<li class=\"elementor-icon-list-item\">\n\t\t\t\t\t\t\t\t\t\t<span class=\"elementor-icon-list-text\"><b>Para la Empresa<\/b> <br> Buscamos la excelencia. Para lograrla, debemos contar con las mejores personas, y los mejores talentos se obtienen del pool m\u00e1s amplio de solicitantes. Solo podemos encontrar a las personas que necesitamos mirando a trav\u00e9s de todo el espectro de raza, color, religi\u00f3n, credo, sexo, edad, origen nacional, estado de ciudadan\u00eda, discapacidad, estado de veterano calificado, informaci\u00f3n gen\u00e9tica, estado civil, orientaci\u00f3n sexual e identidad de g\u00e9nero.<\/span>\n\t\t\t\t\t\t\t\t\t<\/li>\n\t\t\t\t\t\t\t\t<li class=\"elementor-icon-list-item\">\n\t\t\t\t\t\t\t\t\t\t<span class=\"elementor-icon-list-text\"><b>Para Nuestra Gente<\/b> <br> Nuestra cultura se basa en el trabajo en equipo. Para que nuestros grupos sobresalgan, todos los miembros deben sentir que est\u00e1n en un entorno inclusivo que da la bienvenida y apoya las diferencias, y que fomenta la aportaci\u00f3n de todas las perspectivas. Nuestros empleados tienen derecho a esperar un lugar de trabajo en el cual la riqueza de sus vidas y experiencias sea acogida y valorada por su equipo y por la empresa.<\/span>\n\t\t\t\t\t\t\t\t\t<\/li>\n\t\t\t\t\t\t\t\t<li class=\"elementor-icon-list-item\">\n\t\t\t\t\t\t\t\t\t\t<span class=\"elementor-icon-list-text\"><b>Para Nuestros Clientes<\/b> <br> Sus intereses siempre son lo primero. Para seguir ofreciendo a nuestros clientes ideas creativas y soluciones para operar de manera efectiva en una econom\u00eda global compleja, debemos ser totalmente capaces de relacionarnos con diferentes culturas de manera informada y matizada. La experiencia nos ha demostrado que podemos servir mejor los intereses.<\/span>\n\t\t\t\t\t\t\t\t\t<\/li>\n\t\t\t\t\t\t<\/ul>\n\t\t\t\t<\/div>\n\t\t\t\t<\/div>\n\t\t\t\t\t<\/div>\n\t\t<\/div>\n\t\t\t\t<div class=\"elementor-column elementor-col-33 elementor-inner-column elementor-element elementor-element-0bb5c5e\" data-id=\"0bb5c5e\" data-element_type=\"column\">\n\t\t\t<div class=\"elementor-widget-wrap\">\n\t\t\t\t\t\t\t\t\t<\/div>\n\t\t<\/div>\n\t\t\t\t\t\t\t<\/div>\n\t\t<\/section>\n\t\t\t\t<div class=\"elementor-element elementor-element-5416ebb elementor-widget elementor-widget-spacer\" data-id=\"5416ebb\" data-element_type=\"widget\" data-widget_type=\"spacer.default\">\n\t\t\t\t<div class=\"elementor-widget-container\">\n\t\t\t<style>\/*! elementor - v3.11.3 - 07-03-2023 *\/\n.elementor-column .elementor-spacer-inner{height:var(--spacer-size)}.e-con{--container-widget-width:100%}.e-con-inner>.elementor-widget-spacer,.e-con>.elementor-widget-spacer{width:var(--container-widget-width,var(--spacer-size));--align-self:var(--container-widget-align-self,initial);--flex-shrink:0}.e-con-inner>.elementor-widget-spacer>.elementor-widget-container,.e-con-inner>.elementor-widget-spacer>.elementor-widget-container>.elementor-spacer,.e-con>.elementor-widget-spacer>.elementor-widget-container,.e-con>.elementor-widget-spacer>.elementor-widget-container>.elementor-spacer{height:100%}.e-con-inner>.elementor-widget-spacer>.elementor-widget-container>.elementor-spacer>.elementor-spacer-inner,.e-con>.elementor-widget-spacer>.elementor-widget-container>.elementor-spacer>.elementor-spacer-inner{height:var(--container-widget-height,var(--spacer-size))}<\/style>\t\t<div class=\"elementor-spacer\">\n\t\t\t<div class=\"elementor-spacer-inner\"><\/div>\n\t\t<\/div>\n\t\t\t\t<\/div>\n\t\t\t\t<\/div>\n\t\t\t\t<div class=\"elementor-element elementor-element-91b7a71 elementor-widget elementor-widget-spacer\" data-id=\"91b7a71\" data-element_type=\"widget\" data-widget_type=\"spacer.default\">\n\t\t\t\t<div class=\"elementor-widget-container\">\n\t\t\t\t\t<div class=\"elementor-spacer\">\n\t\t\t<div class=\"elementor-spacer-inner\"><\/div>\n\t\t<\/div>\n\t\t\t\t<\/div>\n\t\t\t\t<\/div>\n\t\t\t\t\t<\/div>\n\t\t<\/div>\n\t\t\t\t\t\t\t<\/div>\n\t\t<\/section>\n\t\t\t\t\t\t\t<\/div>\n\t\t","protected":false},"excerpt":{"rendered":"<p>ABOUT SORIANO Diversidad e Inclusi\u00f3n En Soriano Motori, nuestra gente es nuestro mayor activo \u2013 un sentimiento que expresamos a menudo y con buenas razones. Es a trav\u00e9s de la determinaci\u00f3n y dedicaci\u00f3n de nuestro equipo que podemos atender a nuestros clientes, generar valor a largo plazo para nuestros accionistas y contribuir positivamente al bienestar [&hellip;]<\/p>\n","protected":false},"author":1,"featured_media":0,"parent":0,"menu_order":0,"comment_status":"closed","ping_status":"closed","template":"elementor_header_footer","meta":[],"acf":[],"_links":{"self":[{"href":"https:\/\/www.sorianomotori.com\/es\/wp-json\/wp\/v2\/pages\/84032"}],"collection":[{"href":"https:\/\/www.sorianomotori.com\/es\/wp-json\/wp\/v2\/pages"}],"about":[{"href":"https:\/\/www.sorianomotori.com\/es\/wp-json\/wp\/v2\/types\/page"}],"author":[{"embeddable":true,"href":"https:\/\/www.sorianomotori.com\/es\/wp-json\/wp\/v2\/users\/1"}],"replies":[{"embeddable":true,"href":"https:\/\/www.sorianomotori.com\/es\/wp-json\/wp\/v2\/comments?post=84032"}],"version-history":[{"count":6,"href":"https:\/\/www.sorianomotori.com\/es\/wp-json\/wp\/v2\/pages\/84032\/revisions"}],"predecessor-version":[{"id":84038,"href":"https:\/\/www.sorianomotori.com\/es\/wp-json\/wp\/v2\/pages\/84032\/revisions\/84038"}],"wp:attachment":[{"href":"https:\/\/www.sorianomotori.com\/es\/wp-json\/wp\/v2\/media?parent=84032"}],"curies":[{"name":"wp","href":"https:\/\/api.w.org\/{rel}","templated":true}]}}