{"id":38158,"date":"2022-11-24T09:48:42","date_gmt":"2022-11-24T08:48:42","guid":{"rendered":"https:\/\/www.sorianomotori.com\/product\/giaguaro-v1-s\/"},"modified":"2023-03-03T09:17:02","modified_gmt":"2023-03-03T08:17:02","slug":"giaguaro-v1-s","status":"publish","type":"product","link":"https:\/\/www.sorianomotori.com\/es\/producto\/giaguaro-v1-s\/","title":{"rendered":"Giaguaro V1 S"},"content":{"rendered":"<p>S\u00edmbolo del ADN deportivo Soriano, este modelo ha sido profundamente renovado para celebrar 80 a\u00f1os de \u00e9xitos hist\u00f3ricos con ra\u00edces en la realeza. EV Soriano V1R sigue siendo el referente en motos deportivas para los pilotos m\u00e1s j\u00f3venes, tanto por su contenido y estilo, como por su rendimiento en carretera.<\/p>\n","protected":false},"excerpt":{"rendered":"<p>S\u00edmbolo del ADN deportivo Soriano, este modelo ha sido profundamente renovado para celebrar 80 a\u00f1os de \u00e9xitos hist\u00f3ricos con ra\u00edces en la realeza. EV Soriano V1R sigue siendo el referente en motos deportivas para los pilotos m\u00e1s j\u00f3venes, tanto por su contenido y estilo, como por su rendimiento en carretera.<\/p>\n","protected":false},"featured_media":14682,"template":"","meta":[],"product_cat":[127],"product_tag":[],"acf":[],"_links":{"self":[{"href":"https:\/\/www.sorianomotori.com\/es\/wp-json\/wp\/v2\/product\/38158"}],"collection":[{"href":"https:\/\/www.sorianomotori.com\/es\/wp-json\/wp\/v2\/product"}],"about":[{"href":"https:\/\/www.sorianomotori.com\/es\/wp-json\/wp\/v2\/types\/product"}],"wp:featuredmedia":[{"embeddable":true,"href":"https:\/\/www.sorianomotori.com\/es\/wp-json\/wp\/v2\/media\/14682"}],"wp:attachment":[{"href":"https:\/\/www.sorianomotori.com\/es\/wp-json\/wp\/v2\/media?parent=38158"}],"wp:term":[{"taxonomy":"product_cat","embeddable":true,"href":"https:\/\/www.sorianomotori.com\/es\/wp-json\/wp\/v2\/product_cat?post=38158"},{"taxonomy":"product_tag","embeddable":true,"href":"https:\/\/www.sorianomotori.com\/es\/wp-json\/wp\/v2\/product_tag?post=38158"}],"curies":[{"name":"wp","href":"https:\/\/api.w.org\/{rel}","templated":true}]}}