{"id":3435,"date":"2022-10-05T15:39:46","date_gmt":"2022-10-05T13:39:46","guid":{"rendered":"https:\/\/www.sorianomotori.com\/?page_id=3435"},"modified":"2023-03-10T10:18:36","modified_gmt":"2023-03-10T09:18:36","slug":"sala-stampa","status":"publish","type":"page","link":"https:\/\/www.sorianomotori.com\/it\/sala-stampa\/","title":{"rendered":"Sala stampa"},"content":{"rendered":"\t\t<div data-elementor-type=\"wp-page\" data-elementor-id=\"3435\" class=\"elementor elementor-3435 elementor-190\">\n\t\t\t\t\t\t\t\t\t<section class=\"elementor-section elementor-top-section elementor-element elementor-element-ede6ad8 elementor-section-boxed elementor-section-height-default elementor-section-height-default\" data-id=\"ede6ad8\" data-element_type=\"section\" data-settings=\"{&quot;background_background&quot;:&quot;classic&quot;,&quot;jet_parallax_layout_list&quot;:[]}\">\n\t\t\t\t\t\t\t<div class=\"elementor-background-overlay\"><\/div>\n\t\t\t\t\t\t\t<div class=\"elementor-container elementor-column-gap-default\">\n\t\t\t\t\t<div class=\"elementor-column elementor-col-100 elementor-top-column elementor-element elementor-element-1ae34d3\" data-id=\"1ae34d3\" data-element_type=\"column\">\n\t\t\t<div class=\"elementor-widget-wrap elementor-element-populated\">\n\t\t\t\t\t\t\t\t<div class=\"elementor-element elementor-element-ce69e06 elementor-invisible elementor-widget elementor-widget-heading\" data-id=\"ce69e06\" data-element_type=\"widget\" data-settings=\"{&quot;_animation&quot;:&quot;fadeIn&quot;}\" data-widget_type=\"heading.default\">\n\t\t\t\t<div class=\"elementor-widget-container\">\n\t\t\t<style>\/*! elementor - v3.11.3 - 07-03-2023 *\/\n.elementor-heading-title{padding:0;margin:0;line-height:1}.elementor-widget-heading .elementor-heading-title[class*=elementor-size-]>a{color:inherit;font-size:inherit;line-height:inherit}.elementor-widget-heading .elementor-heading-title.elementor-size-small{font-size:15px}.elementor-widget-heading .elementor-heading-title.elementor-size-medium{font-size:19px}.elementor-widget-heading .elementor-heading-title.elementor-size-large{font-size:29px}.elementor-widget-heading .elementor-heading-title.elementor-size-xl{font-size:39px}.elementor-widget-heading .elementor-heading-title.elementor-size-xxl{font-size:59px}<\/style><h2 class=\"elementor-heading-title elementor-size-default\">SORIANO MOTORI<\/h2>\t\t<\/div>\n\t\t\t\t<\/div>\n\t\t\t\t<div class=\"elementor-element elementor-element-aff214e elementor-invisible elementor-widget elementor-widget-heading\" data-id=\"aff214e\" data-element_type=\"widget\" data-settings=\"{&quot;_animation&quot;:&quot;fadeInUp&quot;}\" data-widget_type=\"heading.default\">\n\t\t\t\t<div class=\"elementor-widget-container\">\n\t\t\t<h1 class=\"elementor-heading-title elementor-size-default\">COMUNICATI STAMPA<\/h1>\t\t<\/div>\n\t\t\t\t<\/div>\n\t\t\t\t<div class=\"elementor-element elementor-element-e267d4b elementor-invisible elementor-widget elementor-widget-text-editor\" data-id=\"e267d4b\" data-element_type=\"widget\" data-settings=\"{&quot;_animation&quot;:&quot;fadeIn&quot;}\" data-widget_type=\"text-editor.default\">\n\t\t\t\t<div class=\"elementor-widget-container\">\n\t\t\t<style>\/*! elementor - v3.11.3 - 07-03-2023 *\/\n.elementor-widget-text-editor.elementor-drop-cap-view-stacked .elementor-drop-cap{background-color:#818a91;color:#fff}.elementor-widget-text-editor.elementor-drop-cap-view-framed .elementor-drop-cap{color:#818a91;border:3px solid;background-color:transparent}.elementor-widget-text-editor:not(.elementor-drop-cap-view-default) .elementor-drop-cap{margin-top:8px}.elementor-widget-text-editor:not(.elementor-drop-cap-view-default) .elementor-drop-cap-letter{width:1em;height:1em}.elementor-widget-text-editor .elementor-drop-cap{float:left;text-align:center;line-height:1;font-size:50px}.elementor-widget-text-editor .elementor-drop-cap-letter{display:inline-block}<\/style>\t\t\t\t<p>Per essere sempre all&#8217;avanguardia nello stile e nell&#8217;innovazione del design e sfidare fin dall&#8217;inizio, Soriano ha un gruppo dedicato di professionisti e visionari su cui concentrarsi.<\/p>\t\t\t\t\t\t<\/div>\n\t\t\t\t<\/div>\n\t\t\t\t\t<\/div>\n\t\t<\/div>\n\t\t\t\t\t\t\t<\/div>\n\t\t<\/section>\n\t\t\t\t<section class=\"elementor-section elementor-top-section elementor-element elementor-element-19a72d8 elementor-section-boxed elementor-section-height-default elementor-section-height-default\" data-id=\"19a72d8\" data-element_type=\"section\" data-settings=\"{&quot;background_background&quot;:&quot;classic&quot;,&quot;jet_parallax_layout_list&quot;:[]}\">\n\t\t\t\t\t\t<div class=\"elementor-container elementor-column-gap-default\">\n\t\t\t\t\t<div class=\"elementor-column elementor-col-100 elementor-top-column elementor-element elementor-element-4d4f209\" data-id=\"4d4f209\" data-element_type=\"column\">\n\t\t\t<div class=\"elementor-widget-wrap elementor-element-populated\">\n\t\t\t\t\t\t\t\t<div class=\"elementor-element elementor-element-daf72ad elementor-widget elementor-widget-global elementor-global-263 elementor-widget-raven-posts\" data-id=\"daf72ad\" data-element_type=\"widget\" data-settings=\"{&quot;query_posts_per_page&quot;:-1,&quot;classic_columns_tablet&quot;:&quot;3&quot;,&quot;classic_show_pagination&quot;:&quot;yes&quot;,&quot;classic_columns&quot;:&quot;2&quot;,&quot;_skin&quot;:&quot;classic&quot;,&quot;classic_layout&quot;:&quot;grid&quot;,&quot;classic_columns_mobile&quot;:&quot;1&quot;,&quot;classic_pagination_type&quot;:&quot;page_based&quot;,&quot;query_offset&quot;:0}\" data-widget_type=\"raven-posts.classic\">\n\t\t\t\t<div class=\"elementor-widget-container\">\n\t\t\t\t\t<div class=\"raven-posts raven-grid raven-grid-2 raven-grid-mobile-1 raven-grid-tablet-3\" data-post-id=\"3435\" data-archive-query=\"\">\n\t\t\t\t<div class=\"raven-grid-item raven-post-item post-83622 post type-post status-publish format-standard has-post-thumbnail hentry category-stampa-2\">\n\t\t\t<div class=\"raven-post\">\n\t\t\t\t\t\t<div class=\"raven-post-image-wrap\">\n\t\t\t<a class=\"raven-post-image raven-image-fit\" href=\"https:\/\/www.sorianomotori.com\/it\/fashionlife-magazine\/\"><img width=\"795\" height=\"403\" src=\"https:\/\/www.sorianomotori.com\/wp-content\/uploads\/2023\/10\/PortadaFashionlife.png\" class=\"attachment-large size-large wp-image-83639\" alt=\"\" decoding=\"async\" loading=\"lazy\" srcset=\"https:\/\/www.sorianomotori.com\/wp-content\/uploads\/2023\/10\/PortadaFashionlife.png 795w, https:\/\/www.sorianomotori.com\/wp-content\/uploads\/2023\/10\/PortadaFashionlife-300x152.png 300w, https:\/\/www.sorianomotori.com\/wp-content\/uploads\/2023\/10\/PortadaFashionlife-768x389.png 768w, https:\/\/www.sorianomotori.com\/wp-content\/uploads\/2023\/10\/PortadaFashionlife-600x304.png 600w\" sizes=\"(max-width: 795px) 100vw, 795px\" \/> <span class=\"raven-post-image-overlay\"><\/span><\/a>\t\t<\/div>\n\t\t\t\t\t\t<div class=\"raven-post-content\">\n\t\t\t\t\t<h3 class=\"raven-post-title\"><a class=\"raven-post-title-link\" href=\"https:\/\/www.sorianomotori.com\/it\/fashionlife-magazine\/\">FashionLife Magazine<\/a><\/h3>\t\t<div class=\"raven-post-meta\"><a class=\"raven-post-meta-item raven-post-date\" href=\"https:\/\/www.sorianomotori.com\/it\/2023\/10\/\" rel=\"bookmark\">23 Ottobre  2023<\/a><\/div>\n\t\t\t\t<div class=\"raven-post-excerpt\"><\/div>\n\t\t\t\t\t\t<\/div>\n\t\t\t<\/div>\n\t\t<\/div>\n\t\t\t\t<div class=\"raven-grid-item raven-post-item post-83510 post type-post status-publish format-standard has-post-thumbnail hentry category-stampa-2\">\n\t\t\t<div class=\"raven-post\">\n\t\t\t\t\t\t<div class=\"raven-post-image-wrap\">\n\t\t\t<a class=\"raven-post-image raven-image-fit\" href=\"https:\/\/www.sorianomotori.com\/it\/il-gruppo-soriano-motori-continua-a-puntare-sulla-mobilita-sostenibile-e-lancera-5-000-biciclette-elettriche-nel-2024\/\"><img width=\"768\" height=\"1024\" src=\"https:\/\/www.sorianomotori.com\/wp-content\/uploads\/2023\/09\/Image1-768x1024.jpg\" class=\"attachment-large size-large wp-image-83394\" alt=\"\" decoding=\"async\" loading=\"lazy\" srcset=\"https:\/\/www.sorianomotori.com\/wp-content\/uploads\/2023\/09\/Image1-768x1024.jpg 768w, https:\/\/www.sorianomotori.com\/wp-content\/uploads\/2023\/09\/Image1-225x300.jpg 225w, https:\/\/www.sorianomotori.com\/wp-content\/uploads\/2023\/09\/Image1-1152x1536.jpg 1152w, https:\/\/www.sorianomotori.com\/wp-content\/uploads\/2023\/09\/Image1-300x400.jpg 300w, https:\/\/www.sorianomotori.com\/wp-content\/uploads\/2023\/09\/Image1-600x800.jpg 600w, https:\/\/www.sorianomotori.com\/wp-content\/uploads\/2023\/09\/Image1.jpg 1512w\" sizes=\"(max-width: 768px) 100vw, 768px\" \/> <span class=\"raven-post-image-overlay\"><\/span><\/a>\t\t<\/div>\n\t\t\t\t\t\t<div class=\"raven-post-content\">\n\t\t\t\t\t<h3 class=\"raven-post-title\"><a class=\"raven-post-title-link\" href=\"https:\/\/www.sorianomotori.com\/it\/il-gruppo-soriano-motori-continua-a-puntare-sulla-mobilita-sostenibile-e-lancera-5-000-biciclette-elettriche-nel-2024\/\">Il Gruppo Soriano Motori continua a puntare sulla mobilit\u00e0 sostenibile e lancer\u00e0 5.000 biciclette elettriche nel 2024<\/a><\/h3>\t\t<div class=\"raven-post-meta\"><a class=\"raven-post-meta-item raven-post-date\" href=\"https:\/\/www.sorianomotori.com\/it\/2023\/09\/\" rel=\"bookmark\">14 Settembre  2023<\/a><\/div>\n\t\t\t\t<div class=\"raven-post-excerpt\">L\u2019utilizzo delle biciclette elettriche come mezzo di trasporto nelle citt\u00e0 \u00e8 sempre pi\u00f9 diffuso. Secondo i dati di Idealo, la<\/div>\n\t\t\t\t\t\t<\/div>\n\t\t\t<\/div>\n\t\t<\/div>\n\t\t\t\t<div class=\"raven-grid-item raven-post-item post-83501 post type-post status-publish format-standard has-post-thumbnail hentry category-stampa-2\">\n\t\t\t<div class=\"raven-post\">\n\t\t\t\t\t\t<div class=\"raven-post-image-wrap\">\n\t\t\t<a class=\"raven-post-image raven-image-fit\" href=\"https:\/\/www.sorianomotori.com\/it\/gruppo-soriano-motori-lancera-sul-mercato-5-000-biciclette-elettriche-entro-il-2024\/\"><img width=\"780\" height=\"440\" src=\"https:\/\/www.sorianomotori.com\/wp-content\/uploads\/2023\/09\/ep_diferentes_modelos_de_gatito_feroce_personalizadas_780x440.jpg\" class=\"attachment-large size-large wp-image-83492\" alt=\"\" decoding=\"async\" loading=\"lazy\" srcset=\"https:\/\/www.sorianomotori.com\/wp-content\/uploads\/2023\/09\/ep_diferentes_modelos_de_gatito_feroce_personalizadas_780x440.jpg 780w, https:\/\/www.sorianomotori.com\/wp-content\/uploads\/2023\/09\/ep_diferentes_modelos_de_gatito_feroce_personalizadas_780x440-300x169.jpg 300w, https:\/\/www.sorianomotori.com\/wp-content\/uploads\/2023\/09\/ep_diferentes_modelos_de_gatito_feroce_personalizadas_780x440-768x433.jpg 768w, https:\/\/www.sorianomotori.com\/wp-content\/uploads\/2023\/09\/ep_diferentes_modelos_de_gatito_feroce_personalizadas_780x440-600x338.jpg 600w\" sizes=\"(max-width: 780px) 100vw, 780px\" \/> <span class=\"raven-post-image-overlay\"><\/span><\/a>\t\t<\/div>\n\t\t\t\t\t\t<div class=\"raven-post-content\">\n\t\t\t\t\t<h3 class=\"raven-post-title\"><a class=\"raven-post-title-link\" href=\"https:\/\/www.sorianomotori.com\/it\/gruppo-soriano-motori-lancera-sul-mercato-5-000-biciclette-elettriche-entro-il-2024\/\">Economia\/Motore.- Il Gruppo Soriano Motori lancer\u00e0 sul mercato 5.000 biciclette elettriche entro il 2024<\/a><\/h3>\t\t<div class=\"raven-post-meta\"><a class=\"raven-post-meta-item raven-post-date\" href=\"https:\/\/www.sorianomotori.com\/it\/2023\/09\/\" rel=\"bookmark\">14 Settembre  2023<\/a><\/div>\n\t\t\t\t<div class=\"raven-post-excerpt\">Il Gruppo Soriano Motori lancer\u00e0 sul mercato nel 2024 5.000 biciclette elettriche, che potranno essere acquistate attraverso il proprio sito<\/div>\n\t\t\t\t\t\t<\/div>\n\t\t\t<\/div>\n\t\t<\/div>\n\t\t\t\t<\/div>\n\t\t\t\t<\/div>\n\t\t\t\t<\/div>\n\t\t\t\t<div class=\"elementor-element elementor-element-f64c252 elementor-widget elementor-widget-spacer\" data-id=\"f64c252\" data-element_type=\"widget\" data-widget_type=\"spacer.default\">\n\t\t\t\t<div class=\"elementor-widget-container\">\n\t\t\t<style>\/*! elementor - v3.11.3 - 07-03-2023 *\/\n.elementor-column .elementor-spacer-inner{height:var(--spacer-size)}.e-con{--container-widget-width:100%}.e-con-inner>.elementor-widget-spacer,.e-con>.elementor-widget-spacer{width:var(--container-widget-width,var(--spacer-size));--align-self:var(--container-widget-align-self,initial);--flex-shrink:0}.e-con-inner>.elementor-widget-spacer>.elementor-widget-container,.e-con-inner>.elementor-widget-spacer>.elementor-widget-container>.elementor-spacer,.e-con>.elementor-widget-spacer>.elementor-widget-container,.e-con>.elementor-widget-spacer>.elementor-widget-container>.elementor-spacer{height:100%}.e-con-inner>.elementor-widget-spacer>.elementor-widget-container>.elementor-spacer>.elementor-spacer-inner,.e-con>.elementor-widget-spacer>.elementor-widget-container>.elementor-spacer>.elementor-spacer-inner{height:var(--container-widget-height,var(--spacer-size))}<\/style>\t\t<div class=\"elementor-spacer\">\n\t\t\t<div class=\"elementor-spacer-inner\"><\/div>\n\t\t<\/div>\n\t\t\t\t<\/div>\n\t\t\t\t<\/div>\n\t\t\t\t<div class=\"elementor-element elementor-element-098224c elementor-widget elementor-widget-spacer\" data-id=\"098224c\" data-element_type=\"widget\" data-widget_type=\"spacer.default\">\n\t\t\t\t<div class=\"elementor-widget-container\">\n\t\t\t\t\t<div class=\"elementor-spacer\">\n\t\t\t<div class=\"elementor-spacer-inner\"><\/div>\n\t\t<\/div>\n\t\t\t\t<\/div>\n\t\t\t\t<\/div>\n\t\t\t\t\t<\/div>\n\t\t<\/div>\n\t\t\t\t\t\t\t<\/div>\n\t\t<\/section>\n\t\t\t\t\t\t\t<\/div>\n\t\t","protected":false},"excerpt":{"rendered":"<p>SORIANO MOTORI COMUNICATI STAMPA Per essere sempre all&#8217;avanguardia nello stile e nell&#8217;innovazione del design e sfidare fin dall&#8217;inizio, Soriano ha un gruppo dedicato di professionisti e visionari su cui concentrarsi. The Soriano Owners &#038; VIP Club is born: an exclusive club for celebrities and the best of the world&#8217;s jet-setters 4 January 2023 Marco Soriano&#8217;s [&hellip;]<\/p>\n","protected":false},"author":1,"featured_media":0,"parent":0,"menu_order":0,"comment_status":"closed","ping_status":"closed","template":"elementor_header_footer","meta":[],"acf":[],"_links":{"self":[{"href":"https:\/\/www.sorianomotori.com\/it\/wp-json\/wp\/v2\/pages\/3435"}],"collection":[{"href":"https:\/\/www.sorianomotori.com\/it\/wp-json\/wp\/v2\/pages"}],"about":[{"href":"https:\/\/www.sorianomotori.com\/it\/wp-json\/wp\/v2\/types\/page"}],"author":[{"embeddable":true,"href":"https:\/\/www.sorianomotori.com\/it\/wp-json\/wp\/v2\/users\/1"}],"replies":[{"embeddable":true,"href":"https:\/\/www.sorianomotori.com\/it\/wp-json\/wp\/v2\/comments?post=3435"}],"version-history":[{"count":6,"href":"https:\/\/www.sorianomotori.com\/it\/wp-json\/wp\/v2\/pages\/3435\/revisions"}],"predecessor-version":[{"id":83256,"href":"https:\/\/www.sorianomotori.com\/it\/wp-json\/wp\/v2\/pages\/3435\/revisions\/83256"}],"wp:attachment":[{"href":"https:\/\/www.sorianomotori.com\/it\/wp-json\/wp\/v2\/media?parent=3435"}],"curies":[{"name":"wp","href":"https:\/\/api.w.org\/{rel}","templated":true}]}}