{"id":38022,"date":"2022-12-19T15:41:05","date_gmt":"2022-12-19T14:41:05","guid":{"rendered":"https:\/\/www.sorianomotori.com\/?page_id=38022"},"modified":"2023-01-25T14:45:04","modified_gmt":"2023-01-25T13:45:04","slug":"faqs","status":"publish","type":"page","link":"https:\/\/www.sorianomotori.com\/it\/faqs\/","title":{"rendered":"FAQs"},"content":{"rendered":"\t\t<div data-elementor-type=\"wp-page\" data-elementor-id=\"38022\" class=\"elementor elementor-38022 elementor-38014\">\n\t\t\t\t\t\t\t\t\t<section class=\"elementor-section elementor-top-section elementor-element elementor-element-c555d14 elementor-section-boxed elementor-section-height-default elementor-section-height-default\" data-id=\"c555d14\" data-element_type=\"section\" data-settings=\"{&quot;background_background&quot;:&quot;classic&quot;,&quot;jet_parallax_layout_list&quot;:[]}\">\n\t\t\t\t\t\t\t<div class=\"elementor-background-overlay\"><\/div>\n\t\t\t\t\t\t\t<div class=\"elementor-container elementor-column-gap-default\">\n\t\t\t\t\t<div class=\"elementor-column elementor-col-100 elementor-top-column elementor-element elementor-element-746287a8\" data-id=\"746287a8\" data-element_type=\"column\">\n\t\t\t<div class=\"elementor-widget-wrap elementor-element-populated\">\n\t\t\t\t\t\t\t\t<div class=\"elementor-element elementor-element-433d9b4f elementor-invisible elementor-widget elementor-widget-heading\" data-id=\"433d9b4f\" data-element_type=\"widget\" data-settings=\"{&quot;_animation&quot;:&quot;fadeIn&quot;}\" data-widget_type=\"heading.default\">\n\t\t\t\t<div class=\"elementor-widget-container\">\n\t\t\t<style>\/*! elementor - v3.11.3 - 07-03-2023 *\/\n.elementor-heading-title{padding:0;margin:0;line-height:1}.elementor-widget-heading .elementor-heading-title[class*=elementor-size-]>a{color:inherit;font-size:inherit;line-height:inherit}.elementor-widget-heading .elementor-heading-title.elementor-size-small{font-size:15px}.elementor-widget-heading .elementor-heading-title.elementor-size-medium{font-size:19px}.elementor-widget-heading .elementor-heading-title.elementor-size-large{font-size:29px}.elementor-widget-heading .elementor-heading-title.elementor-size-xl{font-size:39px}.elementor-widget-heading .elementor-heading-title.elementor-size-xxl{font-size:59px}<\/style><h2 class=\"elementor-heading-title elementor-size-default\">SORIANO MOTORI<\/h2>\t\t<\/div>\n\t\t\t\t<\/div>\n\t\t\t\t<div class=\"elementor-element elementor-element-3931b8bf elementor-invisible elementor-widget elementor-widget-heading\" data-id=\"3931b8bf\" data-element_type=\"widget\" data-settings=\"{&quot;_animation&quot;:&quot;fadeInUp&quot;}\" data-widget_type=\"heading.default\">\n\t\t\t\t<div class=\"elementor-widget-container\">\n\t\t\t<h1 class=\"elementor-heading-title elementor-size-default\">FAQs<\/h1>\t\t<\/div>\n\t\t\t\t<\/div>\n\t\t\t\t<div class=\"elementor-element elementor-element-107a392f elementor-invisible elementor-widget elementor-widget-text-editor\" data-id=\"107a392f\" data-element_type=\"widget\" data-settings=\"{&quot;_animation&quot;:&quot;fadeIn&quot;}\" data-widget_type=\"text-editor.default\">\n\t\t\t\t<div class=\"elementor-widget-container\">\n\t\t\t<style>\/*! elementor - v3.11.3 - 07-03-2023 *\/\n.elementor-widget-text-editor.elementor-drop-cap-view-stacked .elementor-drop-cap{background-color:#818a91;color:#fff}.elementor-widget-text-editor.elementor-drop-cap-view-framed .elementor-drop-cap{color:#818a91;border:3px solid;background-color:transparent}.elementor-widget-text-editor:not(.elementor-drop-cap-view-default) .elementor-drop-cap{margin-top:8px}.elementor-widget-text-editor:not(.elementor-drop-cap-view-default) .elementor-drop-cap-letter{width:1em;height:1em}.elementor-widget-text-editor .elementor-drop-cap{float:left;text-align:center;line-height:1;font-size:50px}.elementor-widget-text-editor .elementor-drop-cap-letter{display:inline-block}<\/style>\t\t\t\t<p>Domande frequenti<br><\/p>\t\t\t\t\t\t<\/div>\n\t\t\t\t<\/div>\n\t\t\t\t\t<\/div>\n\t\t<\/div>\n\t\t\t\t\t\t\t<\/div>\n\t\t<\/section>\n\t\t\t\t<section class=\"elementor-section elementor-top-section elementor-element elementor-element-77b74b2c elementor-section-boxed elementor-section-height-default elementor-section-height-default\" data-id=\"77b74b2c\" data-element_type=\"section\" data-settings=\"{&quot;jet_parallax_layout_list&quot;:[],&quot;background_background&quot;:&quot;classic&quot;}\">\n\t\t\t\t\t\t<div class=\"elementor-container elementor-column-gap-default\">\n\t\t\t\t\t<div class=\"elementor-column elementor-col-100 elementor-top-column elementor-element elementor-element-5c445218\" data-id=\"5c445218\" data-element_type=\"column\">\n\t\t\t<div class=\"elementor-widget-wrap elementor-element-populated\">\n\t\t\t\t\t\t\t\t<div class=\"elementor-element elementor-element-43dc97fe elementor-widget elementor-widget-text-editor\" data-id=\"43dc97fe\" data-element_type=\"widget\" data-widget_type=\"text-editor.default\">\n\t\t\t\t<div class=\"elementor-widget-container\">\n\t\t\t\t\t\t\t<p><span style=\"font-weight: bolder;\">Come posso iniziare a utilizzare il servizio dopo aver pagato la mia iscrizione? Posso pagare mese per mese o devo abbonarmi per tutto l&#8217;anno? Perch\u00e9 un servizio come questo mi \u00e8 utile durante e dopo il covid-19? SORIANO aggiunge costi aggiuntivi alla prenotazione dei biglietti per i membri? In che modo SORIANO ottiene le migliori tariffe, miglioramenti e vantaggi?\u00a0 Il pubblico pu\u00f2 accedere ai vantaggi di SORIANO in termini di tavoli e ristorazione? Il servizio viaggi SORIANO prenota solo strutture a sette stelle?<\/span><\/p><p>Avrai diritto ad un accesso illimitato alla piattaforma di digital concierge. Moduli di viaggio, cibo, intrattenimento, offerte ed eventi e ispirazione: navigazione e prenotazioni online illimitate.<\/p><p>Riceverai la conferma del tuo profilo membro e i dati di accesso alla piattaforma digitale entro la prossima ora. Se la tua esigenza \u00e8 urgente o complessa, puoi scegliere di chiamare, inviare un&#8217;e-mail o chattare con il nostro team di lifestyle manager esperti. Hai accesso all&#8217;attrezzatura 24 ore al giorno, 7 giorni alla settimana.<\/p><p>Membri privati Soriano &#8211; Hai un&#8217;indennit\u00e0 totale di 10 brief di &#8220;servizio personale&#8221; all&#8217;anno e puoi utilizzare fino a quattro brief nel primo mese. Puoi acquistare rapporti aggiuntivi se ne hai bisogno prima dell&#8217;anniversario della tua iscrizione.<\/p><p>Membri Soriano dedicati e su misura &#8211; La tua iscrizione include un numero illimitato di rapporti di &#8220;servizio personale&#8221;.<\/p><h4 style=\"font-family: Montserrat, sans-serif;\">\u00a0<\/h4><h4 style=\"font-family: Montserrat, sans-serif;\">Ricevuta di consegna<\/h4><p><span style=\"font-weight: bolder;\">Di quali informazioni hai bisogno prima della consegna?<\/span><\/p><p>Controlla il giorno di consegna di Soriano Motori per conoscere i passaggi necessari prima di ricevere la consegna. Si prega di notare che il processo di consegna pu\u00f2 variare in base allo stato di residenza, al metodo di finanziamento e alla disponibilit\u00e0.<\/p><p><span style=\"font-weight: bolder;\">Devo avere la polizza assicurativa attiva per il mio veicolo Soriano prima della consegna?<\/span><\/p><p>Alcuni stati e\/o metodi di finanziamento richiedono che l&#8217;assicurazione sul tuo veicolo Soriano sia attiva prima della consegna. Il tuo rappresentante Soriano ti far\u00e0 sapere se questo \u00e8 necessario.<\/p><p><span style=\"font-weight: bolder;\">Come posso installare a casa la ricarica del mio veicolo Soriano?<\/span><\/p><p>Esistono diversi modi per ricaricare il tuo veicolo Soriano. Si consiglia l&#8217;installazione di un connettore a parete Soriano con relativo adattatore, se necessario. Consulta l&#8217;installazione della ricarica domestica per una procedura dettagliata sull&#8217;installazione di un Wall Connector per la tua casa.<\/p><p><span style=\"font-weight: bolder;\">Posso esportare il mio veicolo Soriano al di fuori degli Stati Uniti, del Canada o dell&#8217;Europa?<\/span><\/p><p>Se esporti il tuo veicolo Soriano fuori dal mercato per il quale \u00e8 stato prodotto, non saremo in grado di riparare il tuo veicolo fino a quando non sar\u00e0 stato restituito al tuo mercato di origine. Esiste anche la possibilit\u00e0 che un veicolo Soriano esportato non sia compatibile con l&#8217;infrastruttura elettrica e di ricarica in paesi per i quali non \u00e8 stato progettato e omologato. Per questi motivi, ti consigliamo vivamente di acquistare un veicolo Soriano nel mercato in cui intendi guidarlo. I veicoli Soriano sono attualmente venduti e assistiti negli Stati Uniti, Canada, Messico, Europa e Asia Pacifico.<\/p><h4 style=\"font-family: Montserrat, sans-serif;\">\u00a0<\/h4><h4 style=\"font-family: Montserrat, sans-serif;\">Pagamento e tasse<\/h4><p><span style=\"font-weight: bolder;\">Quali sono le forme di pagamento accettate?<\/span><\/p><p>Il saldo deve essere pagato per intero prima che tu possa partire con il tuo nuovo veicolo Soriano. Conferma il tuo metodo di pagamento con il tuo rappresentante SorianoGroup prima del giorno della consegna.<\/p><p>Il pagamento finale \u00e8 attualmente accettato tramite:<\/p><ul><li>Assegno elettronico (addebito diretto) sul sito Web Soriano e sull&#8217;applicazione mobile<\/li><li>Bonifico bancario<\/li><li>Assegno bancario certificato (il tuo numero di riferimento e il tuo nome devono essere sulla riga della nota)<\/li><\/ul><p>Nota: le carte di credito sono accettate solo per l&#8217;acconto dell&#8217;ordine.<\/p><p><span style=\"font-weight: bolder;\">Il pagamento finale pu\u00f2 essere effettuato da pi\u00f9 di un conto?<\/span><\/p><p>Il pagamento finale pu\u00f2 essere effettuato solo da un conto.<\/p><p><span style=\"font-weight: bolder;\">Dove posso trovare maggiori informazioni sugli incentivi fiscali nel mio stato?<\/span><\/p><p>Visita EV Incentives per trovare incentivi statali e locali a cui potresti avere diritto.<\/p><p><span style=\"font-weight: bolder;\">INCENTIVI PER GLI STATI UNITI D&#8217;AMERICA<\/span><\/p><p><span style=\"text-decoration-line: underline;\"><span style=\"font-weight: bolder;\">Incentivi per veicoli elettrici ed energia solare<\/span><\/span><\/p><p>Diversi stati e servizi pubblici locali offrono ai clienti incentivi per veicoli elettrici e solari, spesso sotto forma di sconti. I rimborsi possono essere richiesti al momento o dopo l&#8217;acquisto, mentre i crediti d&#8217;imposta vengono richiesti quando si presenta la dichiarazione dei redditi. Trova gli incentivi statali e locali disponibili nella tua zona.<\/p><p>Per le informazioni pi\u00f9 aggiornate, fare riferimento al sito Web dell&#8217;entit\u00e0 sponsor per i dettagli sull&#8217;idoneit\u00e0, il riscatto e i dettagli del programma.<\/p><p><span style=\"font-weight: bolder;\">Ammissibilit\u00e0 e rimborso<\/span><\/p><p>Gli incentivi solari qui elencati sono forniti per tua comodit\u00e0 e non devono essere considerati un elenco assoluto e completo e non costituiscono una garanzia della tua personale idoneit\u00e0 o disponibilit\u00e0 dell&#8217;incentivo. Questi programmi sono soggetti a modifica o cessazione in qualsiasi momento e sono fuori uso dal controllo di Soriano. Ad esempio, alcuni programmi hanno un budget assegnato o una scadenza per la presentazione dopo la quale il programma terminer\u00e0. Assicurati di controllare il sito Web del programma specifico per le informazioni pi\u00f9 aggiornate su disponibilit\u00e0, idoneit\u00e0 e requisiti di riscatto.<\/p><p>La tua idoneit\u00e0 per qualsiasi credito d&#8217;imposta solare dipende dalla tua situazione fiscale personale. Ti consigliamo di parlare con un professionista fiscale per avere indicazioni.<\/p><p><span style=\"font-weight: bolder;\">Incentivi fiscali federali<\/span><\/p><p><span style=\"text-decoration-line: underline;\"><span style=\"font-weight: bolder;\">Solare<\/span><\/span><\/p><p>I seguenti crediti d&#8217;imposta federali sono disponibili per chiunque acquisti un sistema elettrico solare, compresi i pannelli solari e un tetto solare. Lo stoccaggio di energia abbinato ai sistemi solari sono considerati spese ammissibili per il credito d&#8217;imposta.<\/p><p>Credito d&#8217;imposta federale sugli investimenti residenziali (ITC)<\/p><div style=\"overflow-x: auto;\"><table width=\"100%\"><thead><tr><th role=\"columnheader\" scope=\"col\">Solare + Powerwall Residenziale<br \/>Credito d&#8217;imposta federale sugli investimenti<\/th><th role=\"columnheader\" scope=\"col\">Residenziale Powerwall autonomo<br \/>Credito d&#8217;imposta federale sugli investimenti<\/th><th role=\"columnheader\" scope=\"col\">Per Sistemi<br \/>Installato in<\/th><\/tr><\/thead><tbody><tr><td>26%<\/td><td>0%<\/td><td>2021<\/td><\/tr><tr><td>30%<\/td><td>0%<\/td><td>2022<\/td><\/tr><tr><td>30%<\/td><td>30%<\/td><td>2023-2032<\/td><\/tr><tr><td>26%<\/td><td>26%<\/td><td>2033<\/td><\/tr><tr><td>22%<\/td><td>22%<\/td><td>2034<\/td><\/tr><tr><td>0%<\/td><td>0%<\/td><td>2035<\/td><\/tr><\/tbody><\/table><\/div><p><span style=\"text-decoration-line: underline;\"><span style=\"font-weight: bolder;\">Incentivi statali, locali e di pubblica utilit\u00e0<\/span><\/span><\/p><p>A seconda della tua posizione, potrebbero esserci incentivi statali e locali per veicoli elettrici e sistemi solari. La maggior parte dei rimborsi pu\u00f2 essere richiesta dopo l&#8217;acquisto o riflessa come una riduzione del prezzo dell&#8217;acquisto.<\/p><p>Molti stati offrono anche incentivi non monetari per i veicoli elettrici, come l&#8217;accesso alla corsia del carpool e il parcheggio municipale gratuito.<\/p><p>Alcune comunit\u00e0 e servizi pubblici offrono anche incentivi aggiuntivi tramite cash back, piani tariffari scontati e altri crediti.<\/p><h4 style=\"font-family: Montserrat, sans-serif;\">\u00a0<\/h4><h4 style=\"font-family: Montserrat, sans-serif;\">Registrazione<\/h4><p><span style=\"font-weight: bolder;\">Quando e come ricever\u00f2 la\/e mia\/e registrazione\/i?<\/span><\/p><p>Il processo di titolazione e registrazione varia a seconda dello stato. Controlla i requisiti del tuo stato nella pagina di iscrizione. Nella maggior parte degli stati, le targhe temporanee vengono fornite al momento della consegna per consentire l&#8217;elaborazione finale.<\/p><h4 style=\"font-family: Montserrat, sans-serif;\">\u00a0<\/h4><h4 style=\"font-family: Montserrat, sans-serif;\">Lezioni<\/h4><p><strong>Quando e come ricever\u00f2 la\/e mia\/e registrazione\/i?<\/strong><\/p><p>Il processo di titolazione e registrazione varia a seconda dello stato. Controlla i requisiti del tuo stato nella pagina di iscrizione. Nella maggior parte degli stati, le targhe temporanee vengono fornite al momento della consegna per consentire l&#8217;elaborazione finale.<\/p><p><strong>\u00bfPosso immatricolare la mia motociclo a due nomi, ma chiedere un prestito a un solo nome?<\/strong><\/p><p>No. La tua registrazione deve corrispondere ai nomi sul prestito del veicolo. Questo requisito si applica sia al finanziamento del concessionario Soriano, al leasing e al finanziamento da parte di terzi. \u00c8 possibile modificare direttamente le informazioni di registrazione sul sito Web di Soriano o sull&#8217;applicazione mobile.<\/p><p><strong>\u00bfPosso registrare il mio veicolo per un&#8217;azienda?<\/strong><\/p><p>S\u00ec, puoi registrare il tuo veicolo per la tua attivit\u00e0. Si applicano condizioni speciali quando si tratta di finanziamenti nell&#8217;ambito di un&#8217;impresa, quindi verifica con il tuo rappresentante Soriano.<\/p><p><strong>\u00bfPosso immatricolare la mia motociclo a nome di un trust?<\/strong><\/p><p>S\u00ec. Puoi iscrivere la tua motociclo a un fondo fiduciario se stai pagando in contanti o finanziando con un istituto di terze parti. La registrazione in un trust non \u00e8 possibile con Soriano Dealer Financing e alcune banche e unioni di credito di terze parti possono avere le proprie restrizioni. Ti verr\u00e0 richiesto un elenco di tutti i fiduciari sul sito Web o sull&#8217;app mobile di Soriano.<\/p>\t\t\t\t\t\t<\/div>\n\t\t\t\t<\/div>\n\t\t\t\t\t<\/div>\n\t\t<\/div>\n\t\t\t\t\t\t\t<\/div>\n\t\t<\/section>\n\t\t\t\t\t\t\t<\/div>\n\t\t","protected":false},"excerpt":{"rendered":"<p>SORIANO MOTORI FAQs Domande frequenti Come posso iniziare a utilizzare il servizio dopo aver pagato la mia iscrizione? Posso pagare mese per mese o devo abbonarmi per tutto l&#8217;anno? Perch\u00e9 un servizio come questo mi \u00e8 utile durante e dopo il covid-19? SORIANO aggiunge costi aggiuntivi alla prenotazione dei biglietti per i membri? In che [&hellip;]<\/p>\n","protected":false},"author":1,"featured_media":0,"parent":0,"menu_order":0,"comment_status":"closed","ping_status":"closed","template":"elementor_header_footer","meta":[],"acf":[],"_links":{"self":[{"href":"https:\/\/www.sorianomotori.com\/it\/wp-json\/wp\/v2\/pages\/38022"}],"collection":[{"href":"https:\/\/www.sorianomotori.com\/it\/wp-json\/wp\/v2\/pages"}],"about":[{"href":"https:\/\/www.sorianomotori.com\/it\/wp-json\/wp\/v2\/types\/page"}],"author":[{"embeddable":true,"href":"https:\/\/www.sorianomotori.com\/it\/wp-json\/wp\/v2\/users\/1"}],"replies":[{"embeddable":true,"href":"https:\/\/www.sorianomotori.com\/it\/wp-json\/wp\/v2\/comments?post=38022"}],"version-history":[{"count":6,"href":"https:\/\/www.sorianomotori.com\/it\/wp-json\/wp\/v2\/pages\/38022\/revisions"}],"predecessor-version":[{"id":70787,"href":"https:\/\/www.sorianomotori.com\/it\/wp-json\/wp\/v2\/pages\/38022\/revisions\/70787"}],"wp:attachment":[{"href":"https:\/\/www.sorianomotori.com\/it\/wp-json\/wp\/v2\/media?parent=38022"}],"curies":[{"name":"wp","href":"https:\/\/api.w.org\/{rel}","templated":true}]}}